{"id":561,"date":"2021-02-01T17:24:50","date_gmt":"2021-02-01T17:24:50","guid":{"rendered":"https:\/\/bslthemes.site\/quarty\/?page_id=561"},"modified":"2022-08-16T20:35:42","modified_gmt":"2022-08-16T20:35:42","slug":"anasayfa","status":"publish","type":"page","link":"https:\/\/localart.com.tr\/en\/","title":{"rendered":"Home"},"content":{"rendered":"<div data-elementor-type=\"wp-page\" data-elementor-id=\"561\" class=\"elementor elementor-561\">\n\t\t\t\t\t\t\t\t\t<section class=\"elementor-section elementor-top-section elementor-element elementor-element-de55224 elementor-section-full_width elementor-section-height-default elementor-section-height-default\" data-id=\"de55224\" data-element_type=\"section\">\n\t\t\t\t\t\t<div class=\"elementor-container elementor-column-gap-no\">\n\t\t\t\t\t<div class=\"elementor-column elementor-col-100 elementor-top-column elementor-element elementor-element-9deb41a\" data-id=\"9deb41a\" data-element_type=\"column\">\n\t\t\t<div class=\"elementor-widget-wrap elementor-element-populated\">\n\t\t\t\t\t\t\t\t<div class=\"elementor-element elementor-element-4780505 elementor-invisible elementor-widget elementor-widget-quarty-hero-slider\" data-id=\"4780505\" data-element_type=\"widget\" data-settings=\"{&quot;_animation&quot;:&quot;bounceInUp&quot;}\" data-widget_type=\"quarty-hero-slider.default\">\n\t\t\t\t<div class=\"elementor-widget-container\">\n\t\t\t\n\t\t\t\t<div class=\"qrt-body\">\n\t\t<div class=\"swiper-container qrt-main-slider\">\n        \t<div class=\"qrt-slider-pagination\">\n        \t\t<div class=\"swiper-pagination swiper-main-pagination\"><\/div>\n        \t<\/div>\n        \t<div class=\"qrt-slider-navigation qrt-absolute\">\n            \t<div class=\"qrt-slider-nav-btn qrt-main-prev qrt-cursor-scale qrt-cursor-color\">\n            \t\t<i class=\"fas fa-arrow-left\"><\/i>\n            \t\t<span>prev<\/span>\n            \t<\/div>\n        \t\t<div class=\"qrt-slider-nav-btn qrt-main-next qrt-cursor-scale qrt-cursor-color\">\n        \t\t\t<span>next<\/span>\n        \t\t\t<i class=\"fas fa-arrow-right\"><\/i>\n        \t\t<\/div>\n        \t<\/div>\n        \t<div class=\"swiper-wrapper\">\n                        <div class=\"swiper-slide\">\n              \t<div class=\"qrt-project-cover\">\n              \t\t\n                \t<div class=\"qrt-image-frame\">\n                  \t\t                  \t\t\t                  \t\t\t<img decoding=\"async\" src=\"https:\/\/localart.com.tr\/wp-content\/uploads\/2021\/03\/p-3.jpg\" data-swiper-parallax=\"400\" data-swiper-parallax-scale=\"1.4\" alt=\"\">\n                  \t\t\t                  \t\t                \t<\/div>\n                \t\n\n                \t<div class=\"qrt-overlay\">\n                  \t\t<div class=\"qrt-parallax-fix\" data-swiper-parallax-x=\"-400\" data-swiper-parallax-duration=\"1000\">\n                    \t\t<div class=\"qrt-banner-title\">\n\t\t                    \t\t\t                    \t<h1 class=\"qrt-white qrt-mb-30 title--h1 translation-block\"><span>\t\t\t\t\t\t\t\t\tNatural <br>City Life\t\t\t\t\t\t\t\t<\/span><\/h1>\n\t\t                    \t<div class=\"qrt-divider-2\"><\/div>\n\t\t                    \t\t\t                    \t\t\t                    \t<div class=\"qrt-text qrt-white qrt-mb-20\">\n\t\t                    \t\t<span >\n\t\t\t\t\t\t\t\t\t\tWe produce structures that are integrated with nature, warming your heart in every corner and witnessing your happiness.\t\t\t\t\t\t\t\t\t<\/span>\n\t\t                    \t<\/div>\n\t\t                    \t\t\t                     \t\t\t                     \t<a href=\"https:\/\/localart.com.tr\/en\/projelerimiz\/\" class=\"qrt-btn qrt-btn-md qrt-btn-color qrt-cursor-scale qrt-anima-link qrt-mb-20\">\n\t\t                     \t\t<span >\n\t\t\t\t\t\t\t\t\t\tOur Projects\t\t\t\t\t\t\t\t\t<\/span>\n\t\t                     \t\t<i class=\"fas fa-arrow-right\"><\/i>\n\t\t                     \t<\/a>\n\t\t                     \t\t\t                    \t\t\t                    \t<a href=\"https:\/\/localart.com.tr\/en\/iletisim\/\" class=\"qrt-btn qrt-btn-md qrt-btn-border qrt-cursor-scale qrt-anima-link qrt-mb-20\">\n\t\t                    \t\t<span >\n\t\t\t\t\t\t\t\t\t\tContacts\t\t\t\t\t\t\t\t\t<\/span>\n\t\t                    \t\t<i class=\"fas fa-arrow-right\"><\/i>\n\t\t                    \t<\/a>\n\t\t                    \t                \t\t\t<\/div>\n                \t\t<\/div>\n                \t<\/div>\n            \t<\/div>\n            <\/div>\n                        <div class=\"swiper-slide\">\n              \t<div class=\"qrt-project-cover\">\n              \t\t\n                \t<div class=\"qrt-image-frame\">\n                  \t\t                  \t\t\t<video autoplay loop class=\"qrt-video-background\" poster=\"\" data-swiper-parallax=\"400\" data-swiper-parallax-scale=\"1.4\" muted>\n\t                    \t\t<source src=\"https:\/\/localart.com.tr\/wp-content\/uploads\/2022\/08\/localart.mp4\" type=\"video\/mp4\">\n\t                  \t\t<\/video>\n\t                  \t                \t<\/div>\n                \t\n\n                \t<div class=\"qrt-overlay\">\n                  \t\t<div class=\"qrt-parallax-fix\" data-swiper-parallax-x=\"-400\" data-swiper-parallax-duration=\"1000\">\n                    \t\t<div class=\"qrt-banner-title\">\n\t\t                    \t\t\t                    \t<h1 class=\"qrt-white qrt-mb-30 title--h1 translation-block\"><span>\n\t\t\t\t\t\t\t\t\t\tIntelligent Architectural<br> Solutions \t\t\t\t\t\t\t\t\t<\/span><\/h1>\n\t\t                    \t<div class=\"qrt-divider-2\"><\/div>\n\t\t                    \t\t\t                    \t\t\t                    \t<div class=\"qrt-text qrt-white qrt-mb-20\">\n\t\t                    \t\t<span >\n\t\t\t\t\t\t\t\t\t\tChange is an opportunity! We are here with our innovative architectural understanding against all kinds of ordinary architectural understanding!\t\t\t\t\t\t\t\t\t<\/span>\n\t\t                    \t<\/div>\n\t\t                    \t\t\t                     \t\t\t                     \t<a href=\"https:\/\/localart.com.tr\/en\/projelerimiz\/\" class=\"qrt-btn qrt-btn-md qrt-btn-color qrt-cursor-scale qrt-anima-link qrt-mb-20\">\n\t\t                     \t\t<span >\n\t\t\t\t\t\t\t\t\t\tOur Projects\t\t\t\t\t\t\t\t\t<\/span>\n\t\t                     \t\t<i class=\"fas fa-arrow-right\"><\/i>\n\t\t                     \t<\/a>\n\t\t                     \t\t\t                    \t\t\t                    \t<a href=\"https:\/\/localart.com.tr\/en\/iletisim\/\" class=\"qrt-btn qrt-btn-md qrt-btn-border qrt-cursor-scale qrt-anima-link qrt-mb-20\">\n\t\t                    \t\t<span >\n\t\t\t\t\t\t\t\t\t\tContacts\t\t\t\t\t\t\t\t\t<\/span>\n\t\t                    \t\t<i class=\"fas fa-arrow-right\"><\/i>\n\t\t                    \t<\/a>\n\t\t                    \t                \t\t\t<\/div>\n                \t\t<\/div>\n                \t<\/div>\n            \t<\/div>\n            <\/div>\n                        <div class=\"swiper-slide\">\n              \t<div class=\"qrt-project-cover\">\n              \t\t\n                \t<div class=\"qrt-image-frame\">\n                  \t\t                  \t\t\t                  \t\t\t<img decoding=\"async\" src=\"https:\/\/localart.com.tr\/wp-content\/uploads\/2021\/03\/p-2.jpg\" data-swiper-parallax=\"400\" data-swiper-parallax-scale=\"1.4\" alt=\"\">\n                  \t\t\t                  \t\t                \t<\/div>\n                \t\n\n                \t<div class=\"qrt-overlay\">\n                  \t\t<div class=\"qrt-parallax-fix\" data-swiper-parallax-x=\"-400\" data-swiper-parallax-duration=\"1000\">\n                    \t\t<div class=\"qrt-banner-title\">\n\t\t                    \t\t\t                    \t<h1 class=\"qrt-white qrt-mb-30 title--h1 translation-block\"><span>\n\t\t\t\t\t\t\t\t\t\tDifferent <br>Perspective\t\t\t\t\t\t\t\t\t<\/span><\/h1>\n\t\t                    \t<div class=\"qrt-divider-2\"><\/div>\n\t\t                    \t\t\t                    \t\t\t                    \t<div class=\"qrt-text qrt-white qrt-mb-20\">\n\t\t                    \t\t<span >\n\t\t\t\t\t\t\t\t\t\tWe are changing our perspective to add color and difference to your life. We are working for the better.\t\t\t\t\t\t\t\t\t<\/span>\n\t\t                    \t<\/div>\n\t\t                    \t\t\t                     \t\t\t                     \t<a href=\"https:\/\/localart.com.tr\/en\/projelerimiz\/\" class=\"qrt-btn qrt-btn-md qrt-btn-color qrt-cursor-scale qrt-anima-link qrt-mb-20\">\n\t\t                     \t\t<span >\n\t\t\t\t\t\t\t\t\t\tOur Projects\t\t\t\t\t\t\t\t\t<\/span>\n\t\t                     \t\t<i class=\"fas fa-arrow-right\"><\/i>\n\t\t                     \t<\/a>\n\t\t                     \t\t\t                    \t\t\t                    \t<a href=\"https:\/\/localart.com.tr\/en\/iletisim\/\" class=\"qrt-btn qrt-btn-md qrt-btn-border qrt-cursor-scale qrt-anima-link qrt-mb-20\">\n\t\t                    \t\t<span >\n\t\t\t\t\t\t\t\t\t\tContacts\t\t\t\t\t\t\t\t\t<\/span>\n\t\t                    \t\t<i class=\"fas fa-arrow-right\"><\/i>\n\t\t                    \t<\/a>\n\t\t                    \t                \t\t\t<\/div>\n                \t\t<\/div>\n                \t<\/div>\n            \t<\/div>\n            <\/div>\n            \n          \t<\/div>\n        <\/div>\n    \t<\/div>\n        \n\t\t\t\t<\/div>\n\t\t\t\t<\/div>\n\t\t\t\t\t<\/div>\n\t\t<\/div>\n\t\t\t\t\t\t\t<\/div>\n\t\t<\/section>\n\t\t\t\t\t\t\t<\/div>","protected":false},"excerpt":{"rendered":"<p>prev next Do\u011fal Ya\u015fam Alanlar\u0131 Do\u011fa ile b\u00fct\u00fcnle\u015fik, her k\u00f6\u015fesi i\u00e7inizi \u0131s\u0131tan ve mutlulu\u011funuza \u015fahit olan yap\u0131lar \u00fcretiyoruz. Projelerimiz \u0130leti\u015fim&#8230; <span class=\"qrt-el-more\"><a href=\"https:\/\/localart.com.tr\/en\/\" class=\"qrt-link qrt-color-link qrt-cursor-scale qrt-w-chevron\">Read more<\/a><\/span><\/p>","protected":false},"author":1,"featured_media":0,"parent":0,"menu_order":0,"comment_status":"closed","ping_status":"closed","template":"template-layout-builder.php","meta":{"footnotes":""},"class_list":["post-561","page","type-page","status-publish","hentry"],"acf":[],"_links":{"self":[{"href":"https:\/\/localart.com.tr\/en\/wp-json\/wp\/v2\/pages\/561","targetHints":{"allow":["GET"]}}],"collection":[{"href":"https:\/\/localart.com.tr\/en\/wp-json\/wp\/v2\/pages"}],"about":[{"href":"https:\/\/localart.com.tr\/en\/wp-json\/wp\/v2\/types\/page"}],"author":[{"embeddable":true,"href":"https:\/\/localart.com.tr\/en\/wp-json\/wp\/v2\/users\/1"}],"replies":[{"embeddable":true,"href":"https:\/\/localart.com.tr\/en\/wp-json\/wp\/v2\/comments?post=561"}],"version-history":[{"count":28,"href":"https:\/\/localart.com.tr\/en\/wp-json\/wp\/v2\/pages\/561\/revisions"}],"predecessor-version":[{"id":2328,"href":"https:\/\/localart.com.tr\/en\/wp-json\/wp\/v2\/pages\/561\/revisions\/2328"}],"wp:attachment":[{"href":"https:\/\/localart.com.tr\/en\/wp-json\/wp\/v2\/media?parent=561"}],"curies":[{"name":"wp","href":"https:\/\/api.w.org\/{rel}","templated":true}]}}